{"id":6,"date":"2023-06-01T17:00:06","date_gmt":"2023-06-01T20:00:06","guid":{"rendered":"https:\/\/acaspanish.com\/?page_id=6"},"modified":"2023-06-01T17:00:06","modified_gmt":"2023-06-01T20:00:06","slug":"acerca-de","status":"publish","type":"page","link":"https:\/\/acaspanish.com\/en\/acerca-de\/","title":{"rendered":"Acerca de"},"content":{"rendered":"<p>Pod\u00e9s ser un artista que quiere presentarse a s\u00ed mismo y a su trabajo o eres un negocio con una misi\u00f3n que describir.<\/p>","protected":false},"excerpt":{"rendered":"<p>Pod\u00e9s ser un artista que quiere presentarse a s\u00ed mismo y a su trabajo o eres un negocio con una misi\u00f3n que [&hellip;]<\/p>\n","protected":false},"author":1,"featured_media":0,"parent":0,"menu_order":0,"comment_status":"closed","ping_status":"closed","template":"","meta":{"footnotes":""},"class_list":["post-6","page","type-page","status-publish","hentry"],"_links":{"self":[{"href":"https:\/\/acaspanish.com\/en\/wp-json\/wp\/v2\/pages\/6","targetHints":{"allow":["GET"]}}],"collection":[{"href":"https:\/\/acaspanish.com\/en\/wp-json\/wp\/v2\/pages"}],"about":[{"href":"https:\/\/acaspanish.com\/en\/wp-json\/wp\/v2\/types\/page"}],"author":[{"embeddable":true,"href":"https:\/\/acaspanish.com\/en\/wp-json\/wp\/v2\/users\/1"}],"replies":[{"embeddable":true,"href":"https:\/\/acaspanish.com\/en\/wp-json\/wp\/v2\/comments?post=6"}],"version-history":[{"count":1,"href":"https:\/\/acaspanish.com\/en\/wp-json\/wp\/v2\/pages\/6\/revisions"}],"predecessor-version":[{"id":13,"href":"https:\/\/acaspanish.com\/en\/wp-json\/wp\/v2\/pages\/6\/revisions\/13"}],"wp:attachment":[{"href":"https:\/\/acaspanish.com\/en\/wp-json\/wp\/v2\/media?parent=6"}],"curies":[{"name":"wp","href":"https:\/\/api.w.org\/{rel}","templated":true}]}}